{"id":4136,"date":"2026-05-09T13:00:12","date_gmt":"2026-05-09T11:00:12","guid":{"rendered":"https:\/\/candicebakes.com\/?post_type=product&#038;p=4136"},"modified":"2026-05-13T07:16:56","modified_gmt":"2026-05-13T05:16:56","slug":"snickers-maison","status":"publish","type":"product","link":"https:\/\/candicebakes.com\/en\/produit\/snickers-maison\/","title":{"rendered":"Snickers Maison"},"content":{"rendered":"<p>Parce que vous me l&rsquo;avez demand\u00e9, et parce que le retour que j&rsquo;ai le plus est \u00ab\u00a0c&rsquo;est une tuerie !\u00a0\u00bb, je vous propose une vente flash de snickers maison, sur commande uniquement.<\/p>\n<p>Pour commander, vous pouvez r\u00e9server et r\u00e9gler votre bo\u00eete de snickers ci-dessous.<\/p>\n<ul>\n<li>20 euros la bo\u00eete de 6 snickers maison<\/li>\n<li>retrait le 29 mai de 16h \u00e0 19h au 54 rue des an\u00e9mones 88100 Sainte Marguerite. Si ce cr\u00e9neau ne vous convient pas, je vous invite \u00e0 me contacter.<\/li>\n<li>quantit\u00e9 limit\u00e9e<\/li>\n<li>composition : pralin\u00e9 cacahu\u00e8tes, cacahu\u00e8tes caram\u00e9lis\u00e9es, caramel onctueux, enrobage chocolat au lait<\/li>\n<li>ingr\u00e9dients &amp; <strong>allerg\u00e8nes<\/strong> : <span class=\"a_GcMg font-feature-liga-off font-feature-clig-off font-feature-calt-off text-strikethrough-none text-decoration-none\" style=\"font-family: var(--global-body-font-family);\">sucre blanc, chocolat au <\/span><strong><span class=\"a_GcMg font-feature-liga-off font-feature-clig-off font-feature-calt-off text-strikethrough-none text-decoration-none\" style=\"font-family: var(--global-body-font-family);\">lait<\/span><\/strong><span class=\"a_GcMg font-feature-liga-off font-feature-clig-off font-feature-calt-off text-strikethrough-none text-decoration-none\" style=\"font-family: var(--global-body-font-family);\"> 34 %, <\/span><strong><span class=\"a_GcMg font-feature-liga-off font-feature-clig-off font-feature-calt-off text-strikethrough-none text-decoration-none\" style=\"font-family: var(--global-body-font-family);\">cacahu\u00e8tes<\/span><\/strong><span class=\"a_GcMg font-feature-liga-off font-feature-clig-off font-feature-calt-off text-strikethrough-none text-decoration-none\" style=\"font-family: var(--global-body-font-family);\">, <\/span><strong><span class=\"a_GcMg font-feature-liga-off font-feature-clig-off font-feature-calt-off text-strikethrough-none text-decoration-none\" style=\"font-family: var(--global-body-font-family);\">cr\u00e8me fleurette<\/span><\/strong><span class=\"a_GcMg font-feature-liga-off font-feature-clig-off font-feature-calt-off text-strikethrough-none text-decoration-none\" style=\"font-family: var(--global-body-font-family);\">, eau, beurre de cacao, fleur de sel<\/span><\/li>\n<li>conservation : au r\u00e9frig\u00e9rateur, jusqu&rsquo;\u00e0 5 jours<\/li>\n<\/ul>","protected":false},"excerpt":{"rendered":"<p>Bo\u00eete de 6 snickers maison<br \/>\nPralin\u00e9 cacahu\u00e8tes, cacahu\u00e8tes caram\u00e9lis\u00e9es, caramel onctueux, enrobage chocolat au lait<br \/>\nSur commande uniquement<\/p>\n<ul>\n<li>ingr\u00e9dients &amp; <strong>allerg\u00e8nes<\/strong> : <span class=\"a_GcMg font-feature-liga-off font-feature-clig-off font-feature-calt-off text-strikethrough-none text-decoration-none\" style=\"font-family: var(--global-body-font-family);\">sucre blanc, chocolat au <\/span><strong><span class=\"a_GcMg font-feature-liga-off font-feature-clig-off font-feature-calt-off text-strikethrough-none text-decoration-none\" style=\"font-family: var(--global-body-font-family);\">lait<\/span><\/strong><span class=\"a_GcMg font-feature-liga-off font-feature-clig-off font-feature-calt-off text-strikethrough-none text-decoration-none\" style=\"font-family: var(--global-body-font-family);\"> 34 %, <\/span><strong><span class=\"a_GcMg font-feature-liga-off font-feature-clig-off font-feature-calt-off text-strikethrough-none text-decoration-none\" style=\"font-family: var(--global-body-font-family);\">cacahu\u00e8tes<\/span><\/strong><span class=\"a_GcMg font-feature-liga-off font-feature-clig-off font-feature-calt-off text-strikethrough-none text-decoration-none\" style=\"font-family: var(--global-body-font-family);\">, <\/span><strong><span class=\"a_GcMg font-feature-liga-off font-feature-clig-off font-feature-calt-off text-strikethrough-none text-decoration-none\" style=\"font-family: var(--global-body-font-family);\">cr\u00e8me fleurette<\/span><\/strong><span class=\"a_GcMg font-feature-liga-off font-feature-clig-off font-feature-calt-off text-strikethrough-none text-decoration-none\" style=\"font-family: var(--global-body-font-family);\">, eau, beurre de cacao, fleur de sel<\/span><\/li>\n<li>conservation : au r\u00e9frig\u00e9rateur, jusqu&rsquo;\u00e0 5 jours<\/li>\n<li>retrait le 29 mai de 16h \u00e0 19h<\/li>\n<\/ul>","protected":false},"featured_media":4137,"comment_status":"closed","ping_status":"closed","template":"","meta":{"om_disable_all_campaigns":false,"_price":"20","_stock":"19","_tribe_ticket_header":"","_tribe_default_ticket_provider":"","_tribe_ticket_capacity":"","_ticket_start_date":"","_ticket_end_date":"","_tribe_ticket_show_description":"","_tribe_ticket_show_not_going":false,"_tribe_ticket_use_global_stock":"","_tribe_ticket_global_stock_level":"","_global_stock_mode":"","_global_stock_cap":"","_tribe_rsvp_for_event":"","_tribe_ticket_going_count":"","_tribe_ticket_not_going_count":"","_tribe_tickets_list":"[]","_tribe_ticket_has_attendee_info_fields":false,"_kadence_starter_templates_imported_post":false,"_kad_post_transparent":"default","_kad_post_title":"","_kad_post_layout":"default","_kad_post_sidebar_id":"","_kad_post_content_style":"default","_kad_post_vertical_padding":"default","_kad_post_feature":"","_kad_post_feature_position":"","_kad_post_header":false,"_kad_post_footer":false,"_kad_post_classname":"","_tec_slr_enabled":"","_tec_slr_layout":""},"product_brand":[],"product_cat":[92],"product_tag":[94,93,95],"class_list":{"0":"post-4136","1":"product","2":"type-product","3":"status-publish","4":"has-post-thumbnail","6":"product_cat-vente-flash","7":"product_tag-cacahuetes","8":"product_tag-caramel","9":"product_tag-chocolat","11":"first","12":"instock","13":"taxable","14":"shipping-taxable","15":"purchasable","16":"product-type-simple","17":"entry","18":"content-bg","19":"loop-entry"},"aioseo_notices":[],"_links":{"self":[{"href":"https:\/\/candicebakes.com\/en\/wp-json\/wp\/v2\/product\/4136","targetHints":{"allow":["GET"]}}],"collection":[{"href":"https:\/\/candicebakes.com\/en\/wp-json\/wp\/v2\/product"}],"about":[{"href":"https:\/\/candicebakes.com\/en\/wp-json\/wp\/v2\/types\/product"}],"replies":[{"embeddable":true,"href":"https:\/\/candicebakes.com\/en\/wp-json\/wp\/v2\/comments?post=4136"}],"wp:featuredmedia":[{"embeddable":true,"href":"https:\/\/candicebakes.com\/en\/wp-json\/wp\/v2\/media\/4137"}],"wp:attachment":[{"href":"https:\/\/candicebakes.com\/en\/wp-json\/wp\/v2\/media?parent=4136"}],"wp:term":[{"taxonomy":"product_brand","embeddable":true,"href":"https:\/\/candicebakes.com\/en\/wp-json\/wp\/v2\/product_brand?post=4136"},{"taxonomy":"product_cat","embeddable":true,"href":"https:\/\/candicebakes.com\/en\/wp-json\/wp\/v2\/product_cat?post=4136"},{"taxonomy":"product_tag","embeddable":true,"href":"https:\/\/candicebakes.com\/en\/wp-json\/wp\/v2\/product_tag?post=4136"}],"curies":[{"name":"wp","href":"https:\/\/api.w.org\/{rel}","templated":true}]}}