{"id":1196,"date":"2024-01-24T21:07:56","date_gmt":"2024-01-24T20:07:56","guid":{"rendered":"https:\/\/candicebakes.com\/?page_id=1196"},"modified":"2024-08-12T18:41:11","modified_gmt":"2024-08-12T16:41:11","slug":"legal-notice","status":"publish","type":"page","link":"https:\/\/candicebakes.com\/en\/mentions-legales\/","title":{"rendered":"Terms of use"},"content":{"rendered":"<style>.kb-row-layout-wrap.wp-block-kadence-rowlayout.kb-row-layout-id1196_aff595-a5{margin-top:0px;margin-bottom:0px;}.kb-row-layout-id1196_aff595-a5 > .kt-row-column-wrap{align-content:start;}:where(.kb-row-layout-id1196_aff595-a5 > .kt-row-column-wrap) > .wp-block-kadence-column{justify-content:start;}.kb-row-layout-id1196_aff595-a5 > .kt-row-column-wrap{column-gap:var(--global-kb-gap-none, 0rem );row-gap:var(--global-kb-gap-none, 0rem );max-width:1140px;margin-left:auto;margin-right:auto;padding-top:100px;padding-right:0px;padding-bottom:50px;padding-left:0px;grid-template-columns:minmax(0, 1fr);}.kb-row-layout-id1196_aff595-a5 > .kt-row-layout-overlay{opacity:0.14;background-image:url('http:\/\/candicebakes.com\/wp-content\/uploads\/2023\/10\/facebook_1697567036139_7120112209946381161.jpg');background-size:cover;background-position:52% 25%;background-attachment:scroll;background-repeat:no-repeat;mix-blend-mode:luminosity;}@media all and (max-width: 1024px){.kb-row-layout-id1196_aff595-a5 > .kt-row-column-wrap{padding-right:0px;padding-left:0px;grid-template-columns:minmax(0, 1fr);}}@media all and (max-width: 767px){.kb-row-layout-id1196_aff595-a5 > .kt-row-column-wrap{padding-top:30px;padding-right:20px;padding-bottom:30px;padding-left:20px;grid-template-columns:minmax(0, 1fr);}}<\/style><div class=\"kb-row-layout-wrap kb-row-layout-id1196_aff595-a5 alignnone kt-row-has-bg wp-block-kadence-rowlayout\"><div class=\"kt-row-layout-overlay kt-row-overlay-normal\"><\/div><div class=\"kt-row-column-wrap kt-has-1-columns kt-row-layout-equal kt-tab-layout-inherit kt-mobile-layout-row kt-row-valign-top\">\n<style>.kadence-column1196_2aa463-83 > .kt-inside-inner-col{padding-top:0px;padding-right:0px;padding-bottom:0px;padding-left:0px;}.kadence-column1196_2aa463-83 > .kt-inside-inner-col,.kadence-column1196_2aa463-83 > .kt-inside-inner-col:before{border-top-left-radius:0px;border-top-right-radius:0px;border-bottom-right-radius:0px;border-bottom-left-radius:0px;}.kadence-column1196_2aa463-83 > .kt-inside-inner-col{column-gap:var(--global-kb-gap-sm, 1rem);}.kadence-column1196_2aa463-83 > .kt-inside-inner-col{flex-direction:column;}.kadence-column1196_2aa463-83 > .kt-inside-inner-col > .aligncenter{width:100%;}.kadence-column1196_2aa463-83 > .kt-inside-inner-col:before{opacity:0.3;}.kadence-column1196_2aa463-83{position:relative;}@media all and (max-width: 1024px){.kadence-column1196_2aa463-83 > .kt-inside-inner-col{flex-direction:column;justify-content:center;}}@media all and (max-width: 767px){.kadence-column1196_2aa463-83 > .kt-inside-inner-col{flex-direction:column;justify-content:center;}}<\/style>\n<div class=\"wp-block-kadence-column kadence-column1196_2aa463-83 inner-column-1\"><div class=\"kt-inside-inner-col\"><style>.kb-row-layout-wrap.wp-block-kadence-rowlayout.kb-row-layout-id1196_037c90-93{margin-top:0px;margin-bottom:0px;}.kb-row-layout-id1196_037c90-93 > .kt-row-column-wrap{align-content:start;}:where(.kb-row-layout-id1196_037c90-93 > .kt-row-column-wrap) > .wp-block-kadence-column{justify-content:start;}.kb-row-layout-id1196_037c90-93 > .kt-row-column-wrap{column-gap:var(--global-kb-gap-none, 0rem );row-gap:var(--global-kb-gap-none, 0rem );max-width:500px;margin-left:auto;margin-right:auto;padding-top:0px;padding-right:0px;padding-bottom:0px;padding-left:0px;grid-template-columns:minmax(0, 1fr);}.kb-row-layout-id1196_037c90-93 > .kt-row-layout-overlay{opacity:0.30;}@media all and (max-width: 1024px){.kb-row-layout-id1196_037c90-93 > .kt-row-column-wrap{grid-template-columns:minmax(0, 1fr);}}@media all and (max-width: 767px){.kb-row-layout-id1196_037c90-93 > .kt-row-column-wrap{grid-template-columns:minmax(0, 1fr);}}<\/style><div class=\"kb-row-layout-wrap kb-row-layout-id1196_037c90-93 alignnone wp-block-kadence-rowlayout\"><div class=\"kt-row-column-wrap kt-has-1-columns kt-row-layout-equal kt-tab-layout-inherit kt-mobile-layout-row kt-row-valign-top\">\n<style>.kadence-column1196_cd3c88-48 > .kt-inside-inner-col{padding-top:10px;padding-right:10px;padding-bottom:10px;padding-left:10px;}.kadence-column1196_cd3c88-48 > .kt-inside-inner-col,.kadence-column1196_cd3c88-48 > .kt-inside-inner-col:before{border-top-left-radius:0px;border-top-right-radius:0px;border-bottom-right-radius:0px;border-bottom-left-radius:0px;}.kadence-column1196_cd3c88-48 > .kt-inside-inner-col{column-gap:var(--global-kb-gap-sm, 1rem);}.kadence-column1196_cd3c88-48 > .kt-inside-inner-col{flex-direction:column;}.kadence-column1196_cd3c88-48 > .kt-inside-inner-col > .aligncenter{width:100%;}.kadence-column1196_cd3c88-48 > .kt-inside-inner-col:before{opacity:0.3;}.kadence-column1196_cd3c88-48{position:relative;}@media all and (max-width: 1024px){.kadence-column1196_cd3c88-48 > .kt-inside-inner-col{flex-direction:column;justify-content:center;}}@media all and (max-width: 767px){.kadence-column1196_cd3c88-48 > .kt-inside-inner-col{flex-direction:column;justify-content:center;}}<\/style>\n<div class=\"wp-block-kadence-column kadence-column1196_cd3c88-48 inner-column-1\"><div class=\"kt-inside-inner-col\"><style>.wp-block-kadence-advancedheading.kt-adv-heading1196_5ff504-fb, .wp-block-kadence-advancedheading.kt-adv-heading1196_5ff504-fb[data-kb-block=\"kb-adv-heading1196_5ff504-fb\"]{margin-top:0px;margin-right:0px;margin-bottom:20px;margin-left:0px;text-align:center;line-height:1em;font-style:normal;font-family:var( u002du002dglobal-heading-font-family, inherit );}.wp-block-kadence-advancedheading.kt-adv-heading1196_5ff504-fb mark.kt-highlight, .wp-block-kadence-advancedheading.kt-adv-heading1196_5ff504-fb[data-kb-block=\"kb-adv-heading1196_5ff504-fb\"] mark.kt-highlight{font-style:normal;color:#f76a0c;-webkit-box-decoration-break:clone;box-decoration-break:clone;padding-top:0px;padding-right:0px;padding-bottom:0px;padding-left:0px;}.wp-block-kadence-advancedheading.kt-adv-heading1196_5ff504-fb img.kb-inline-image, .wp-block-kadence-advancedheading.kt-adv-heading1196_5ff504-fb[data-kb-block=\"kb-adv-heading1196_5ff504-fb\"] img.kb-inline-image{width:150px;vertical-align:baseline;}@media all and (max-width: 1024px){.wp-block-kadence-advancedheading.kt-adv-heading1196_5ff504-fb, .wp-block-kadence-advancedheading.kt-adv-heading1196_5ff504-fb[data-kb-block=\"kb-adv-heading1196_5ff504-fb\"]{margin-bottom:17px;}}@media all and (max-width: 767px){.wp-block-kadence-advancedheading.kt-adv-heading1196_5ff504-fb, .wp-block-kadence-advancedheading.kt-adv-heading1196_5ff504-fb[data-kb-block=\"kb-adv-heading1196_5ff504-fb\"]{margin-bottom:30px;}}<\/style>\n<h1 class=\"kt-adv-heading1196_5ff504-fb wp-block-kadence-advancedheading has-theme-palette-1-color has-text-color\" data-kb-block=\"kb-adv-heading1196_5ff504-fb\">Mentions l\u00e9gales<\/h1>\n<\/div><\/div>\n\n<\/div><\/div><\/div><\/div>\n\n<\/div><\/div>\n\n<style>.kb-row-layout-wrap.wp-block-kadence-rowlayout.kb-row-layout-id1196_62aa5b-8d{margin-top:var(--global-kb-spacing-xxl, 5rem);margin-bottom:0px;}.kb-row-layout-id1196_62aa5b-8d > .kt-row-column-wrap{align-content:start;}:where(.kb-row-layout-id1196_62aa5b-8d > .kt-row-column-wrap) > .wp-block-kadence-column{justify-content:start;}.kb-row-layout-id1196_62aa5b-8d > .kt-row-column-wrap{column-gap:var(--global-kb-gap-md, 2rem);row-gap:var(--global-kb-gap-md, 2rem);max-width:var( --global-content-width, 1290px );padding-left:var(--global-content-edge-padding);padding-right:var(--global-content-edge-padding);padding-top:0px;padding-bottom:0px;grid-template-columns:minmax(0, 1fr);}.kb-row-layout-id1196_62aa5b-8d > .kt-row-layout-overlay{opacity:0.30;}@media all and (max-width: 1024px){.kb-row-layout-id1196_62aa5b-8d > .kt-row-column-wrap{grid-template-columns:minmax(0, 1fr);}}@media all and (max-width: 767px){.kb-row-layout-id1196_62aa5b-8d > .kt-row-column-wrap{grid-template-columns:minmax(0, 1fr);}}<\/style><div class=\"kb-row-layout-wrap kb-row-layout-id1196_62aa5b-8d alignnone has-theme-palette9-background-color kt-row-has-bg wp-block-kadence-rowlayout\"><div class=\"kt-row-column-wrap kt-has-1-columns kt-row-layout-equal kt-tab-layout-inherit kt-mobile-layout-row kt-row-valign-top kb-theme-content-width\">\n<style>.kadence-column1196_44e037-57 > .kt-inside-inner-col,.kadence-column1196_44e037-57 > .kt-inside-inner-col:before{border-top-left-radius:0px;border-top-right-radius:0px;border-bottom-right-radius:0px;border-bottom-left-radius:0px;}.kadence-column1196_44e037-57 > .kt-inside-inner-col{column-gap:var(--global-kb-gap-sm, 1rem);}.kadence-column1196_44e037-57 > .kt-inside-inner-col{flex-direction:column;}.kadence-column1196_44e037-57 > .kt-inside-inner-col > .aligncenter{width:100%;}.kadence-column1196_44e037-57 > .kt-inside-inner-col:before{opacity:0.3;}.kadence-column1196_44e037-57{position:relative;}@media all and (max-width: 1024px){.kadence-column1196_44e037-57 > .kt-inside-inner-col{flex-direction:column;justify-content:center;}}@media all and (max-width: 767px){.kadence-column1196_44e037-57 > .kt-inside-inner-col{flex-direction:column;justify-content:center;}}<\/style>\n<div class=\"wp-block-kadence-column kadence-column1196_44e037-57 inner-column-1\"><div class=\"kt-inside-inner-col\">\n<ol type=\"1\" class=\"has-theme-palette-1-color has-text-color wp-block-list\">\n<li>Pr\u00e9sentation du site<\/li>\n<\/ol>\n\n\n\n<p class=\"has-theme-palette-1-color has-text-color\">En vertu de l\u2019article 6 de la loi n\u00b0 2004-575 du 21 juin 2004 pour la confiance dans l\u2019\u00e9conomie num\u00e9rique, il est pr\u00e9cis\u00e9 aux utilisateurs du site&nbsp;<a href=\"http:\/\/www.candicebakes.com\/\">www.candicebakes.com<\/a>&nbsp;&nbsp;l\u2019identit\u00e9 des diff\u00e9rents intervenants dans le cadre de sa r\u00e9alisation et de son suivi :<\/p>\n\n\n\n<p class=\"has-theme-palette-1-color has-text-color\">Nom du site web : CandiceBakes<\/p>\n\n\n\n<p class=\"has-theme-palette-1-color has-text-color\">Propri\u00e9taire : Candice BASSO&nbsp;<\/p>\n\n\n\n<p class=\"has-theme-palette-1-color has-text-color\">Cr\u00e9ateur : Candice BASSO<\/p>\n\n\n\n<p class=\"has-theme-palette-1-color has-text-color\">Responsable publication : Candice BASSO \u2013&nbsp;<a href=\"mailto:candicebakespatisserie@gmail.com\">candicebakespatisserie@gmail.com<\/a><\/p>\n\n\n\n<p class=\"has-theme-palette-1-color has-text-color\">Le responsable publication est une personne physique.<\/p>\n\n\n\n<p class=\"has-theme-palette-1-color has-text-color\">Conception : Candice BASSO<\/p>\n\n\n\n<p class=\"has-theme-palette-1-color has-text-color\">H\u00e9bergeur : Hostinguer<\/p>\n\n\n\n<ul class=\"has-theme-palette-1-color has-text-color wp-block-list\">\n<li>Conditions g\u00e9n\u00e9rales d\u2019utilisation du site<\/li>\n<\/ul>\n\n\n\n<p class=\"has-theme-palette-1-color has-text-color\">L\u2019utilisation du site&nbsp;<a href=\"http:\/\/www.candicebakes.com\/\">www.candicebakes.com<\/a>&nbsp;implique l\u2019acceptation pleine et enti\u00e8re des conditions g\u00e9n\u00e9rales d\u2019utilisation ci-apr\u00e8s d\u00e9crites. Ces conditions d\u2019utilisation sont susceptibles d\u2019\u00eatre modifi\u00e9es ou compl\u00e9t\u00e9es \u00e0 tout moment, les utilisateurs du site&nbsp;<a href=\"http:\/\/www.candicebakes.com\/\">www.candicebakes.com<\/a>&nbsp;sont donc invit\u00e9s \u00e0 les consulter de mani\u00e8re r\u00e9guli\u00e8re.<\/p>\n\n\n\n<p class=\"has-theme-palette-1-color has-text-color\">Ce site est normalement accessible \u00e0 tout moment aux utilisateurs. Une interruption pour raison de maintenance technique peut \u00eatre toutefois d\u00e9cid\u00e9e par le cr\u00e9ateur ou du fait de l\u2019h\u00e9bergeur.&nbsp;<\/p>\n\n\n\n<ul class=\"has-theme-palette-1-color has-text-color wp-block-list\">\n<li>Description des services fournis<\/li>\n<\/ul>\n\n\n\n<p class=\"has-theme-palette-1-color has-text-color\">Le site&nbsp;<a href=\"http:\/\/www.candicebakes.com\/\">www.candicebakes.com<\/a>&nbsp;propose des services suivants&nbsp;:<\/p>\n\n\n\n<ul class=\"has-theme-palette-1-color has-text-color wp-block-list\">\n<li>Consultation des cartes de g\u00e2teaux,&nbsp;<\/li>\n\n\n\n<li>Possibilit\u00e9 de demande de r\u00e9servation de g\u00e2teaux via le formulaire de contact,<\/li>\n\n\n\n<li>Possibilit\u00e9 de r\u00e9servation d\u2019ateliers en pr\u00e9sentiel via le calendrier publi\u00e9 sur le site,<\/li>\n\n\n\n<li>Possibilit\u00e9 de demande d\u2019ateliers pour groupes ou pour entreprises<\/li>\n<\/ul>\n\n\n\n<p class=\"has-theme-palette-1-color has-text-color\">Toutes les informations indiqu\u00e9es sur le site&nbsp;<a href=\"http:\/\/www.candicebakes.com\/\">www.candicebakes.com<\/a>&nbsp;sont donn\u00e9es \u00e0 titre indicatif, et sont susceptibles d\u2019\u00e9voluer. Par ailleurs, les renseignements figurant sur le site&nbsp;<a href=\"http:\/\/www.candicebakes.com\/\">www.candicebakes.com<\/a>&nbsp;ne sont pas exhaustifs. Ils sont donn\u00e9s sous r\u00e9serve de modifications ayant \u00e9t\u00e9 apport\u00e9es depuis leur mise en ligne, et ne peuvent engager la responsabilit\u00e9 de Candice BASSO.<\/p>\n\n\n\n<ul class=\"has-theme-palette-1-color has-text-color wp-block-list\">\n<li>Propri\u00e9t\u00e9 intellectuelle et contrefa\u00e7ons<\/li>\n<\/ul>\n\n\n\n<p class=\"has-theme-palette-1-color has-text-color\">Candice BASSO est propri\u00e9taire des droits de propri\u00e9t\u00e9 intellectuelle ou d\u00e9tient les droits d\u2019usage sur tous les \u00e9l\u00e9ments accessibles sur le site, notamment les textes, images, graphismes, logo, ic\u00f4nes, sons, logiciels.<\/p>\n\n\n\n<p class=\"has-theme-palette-1-color has-text-color\">Toute reproduction, repr\u00e9sentation, modification, publication, adaptation de tout ou partie des \u00e9l\u00e9ments du site, quel que soit le moyen ou le proc\u00e9d\u00e9 utilis\u00e9, est interdite, sauf autorisation \u00e9crite pr\u00e9alable de Candice BASSO.<\/p>\n\n\n\n<p class=\"has-theme-palette-1-color has-text-color\">Toute exploitation non autoris\u00e9e du site ou de l\u2019un quelconque des \u00e9l\u00e9ments qu\u2019il contient sera consid\u00e9r\u00e9e comme constitutive d\u2019une contrefa\u00e7on et poursuivie conform\u00e9ment aux dispositions des articles L.335-2 et suivants du Code de Propri\u00e9t\u00e9 Intellectuelle.<\/p>\n\n\n\n<ul class=\"has-theme-palette-1-color has-text-color wp-block-list\">\n<li>Limitations de responsabilit\u00e9<\/li>\n<\/ul>\n\n\n\n<p class=\"has-theme-palette-1-color has-text-color\">Candice BASSO ne pourra \u00eatre tenue responsable des dommages directs et indirects caus\u00e9s au mat\u00e9riel de l\u2019utilisateur, lors de l\u2019acc\u00e8s au site<a href=\"http:\/\/www.candicebakes.com\/\">www.candicebakes.com<\/a>, et r\u00e9sultant soit de l\u2019utilisation d\u2019un mat\u00e9riel ne r\u00e9pondant pas aux sp\u00e9cifications mentionn\u00e9es, soit de l\u2019apparition d\u2019un bug ou d\u2019une incompatibilit\u00e9.&nbsp;<\/p>\n<\/div><\/div>\n\n<\/div><\/div>","protected":false},"excerpt":{"rendered":"<p>Legal information Pursuant to article 6 of French law no. 2004-575 of June 21, 2004 on confidence in the digital economy, users of the www.candicebakes.com website are informed of the identity of...<\/p>","protected":false},"author":1,"featured_media":868,"parent":0,"menu_order":0,"comment_status":"closed","ping_status":"closed","template":"","meta":{"content-type":"","om_disable_all_campaigns":false,"_monsterinsights_skip_tracking":false,"_monsterinsights_sitenote_active":false,"_monsterinsights_sitenote_note":"","_monsterinsights_sitenote_category":0,"_price":"","_stock":"","_tribe_ticket_header":"","_tribe_default_ticket_provider":"","_tribe_ticket_capacity":"0","_ticket_start_date":"","_ticket_end_date":"","_tribe_ticket_show_description":"","_tribe_ticket_show_not_going":false,"_tribe_ticket_use_global_stock":"","_tribe_ticket_global_stock_level":"","_global_stock_mode":"","_global_stock_cap":"","_tribe_rsvp_for_event":"","_tribe_ticket_going_count":"","_tribe_ticket_not_going_count":"","_tribe_tickets_list":"[]","_tribe_ticket_has_attendee_info_fields":false,"_kadence_starter_templates_imported_post":true,"_kad_post_transparent":"","_kad_post_title":"hide","_kad_post_layout":"fullwidth","_kad_post_sidebar_id":"","_kad_post_content_style":"unboxed","_kad_post_vertical_padding":"hide","_kad_post_feature":"hide","_kad_post_feature_position":"","_kad_post_header":false,"_kad_post_footer":false,"_kad_post_classname":"","footnotes":"","_tec_slr_enabled":"","_tec_slr_layout":""},"class_list":["post-1196","page","type-page","status-publish","has-post-thumbnail","hentry"],"aioseo_notices":[],"ticketed":false,"_links":{"self":[{"href":"https:\/\/candicebakes.com\/en\/wp-json\/wp\/v2\/pages\/1196","targetHints":{"allow":["GET"]}}],"collection":[{"href":"https:\/\/candicebakes.com\/en\/wp-json\/wp\/v2\/pages"}],"about":[{"href":"https:\/\/candicebakes.com\/en\/wp-json\/wp\/v2\/types\/page"}],"author":[{"embeddable":true,"href":"https:\/\/candicebakes.com\/en\/wp-json\/wp\/v2\/users\/1"}],"replies":[{"embeddable":true,"href":"https:\/\/candicebakes.com\/en\/wp-json\/wp\/v2\/comments?post=1196"}],"version-history":[{"count":4,"href":"https:\/\/candicebakes.com\/en\/wp-json\/wp\/v2\/pages\/1196\/revisions"}],"predecessor-version":[{"id":2025,"href":"https:\/\/candicebakes.com\/en\/wp-json\/wp\/v2\/pages\/1196\/revisions\/2025"}],"wp:featuredmedia":[{"embeddable":true,"href":"https:\/\/candicebakes.com\/en\/wp-json\/"}],"wp:attachment":[{"href":"https:\/\/candicebakes.com\/en\/wp-json\/wp\/v2\/media?parent=1196"}],"curies":[{"name":"wp","href":"https:\/\/api.w.org\/{rel}","templated":true}]}}